{"id":6543,"date":"2025-08-06T07:13:00","date_gmt":"2025-08-06T07:13:00","guid":{"rendered":"https:\/\/yopronos.com\/?page_id=6543"},"modified":"2025-08-06T07:13:17","modified_gmt":"2025-08-06T07:13:17","slug":"mentions-legales","status":"publish","type":"page","link":"https:\/\/yopronos.com\/en\/mentions-legales\/","title":{"rendered":"Legal Notice"},"content":{"rendered":"<div class=\"fusion-fullwidth fullwidth-box fusion-builder-row-1 fusion-flex-container has-pattern-background has-mask-background nonhundred-percent-fullwidth non-hundred-percent-height-scrolling\" style=\"--awb-border-radius-top-left:0px;--awb-border-radius-top-right:0px;--awb-border-radius-bottom-right:0px;--awb-border-radius-bottom-left:0px;--awb-flex-wrap:wrap;\" ><div class=\"fusion-builder-row fusion-row fusion-flex-align-items-flex-start fusion-flex-content-wrap\" style=\"max-width:1185.6px;margin-left: calc(-4% \/ 2 );margin-right: calc(-4% \/ 2 );\"><div class=\"fusion-layout-column fusion_builder_column fusion-builder-column-0 fusion_builder_column_1_1 1_1 fusion-flex-column\" style=\"--awb-bg-size:cover;--awb-width-large:100%;--awb-margin-top-large:0px;--awb-spacing-right-large:1.92%;--awb-margin-bottom-large:20px;--awb-spacing-left-large:1.92%;--awb-width-medium:100%;--awb-order-medium:0;--awb-spacing-right-medium:1.92%;--awb-spacing-left-medium:1.92%;--awb-width-small:100%;--awb-order-small:0;--awb-spacing-right-small:1.92%;--awb-spacing-left-small:1.92%;\"><div class=\"fusion-column-wrapper fusion-column-has-shadow fusion-flex-justify-content-flex-start fusion-content-layout-column\"><div class=\"fusion-title title fusion-title-1 fusion-sep-none fusion-title-text fusion-title-size-one\"><h1 class=\"fusion-title-heading title-heading-left fusion-responsive-typography-calculated\" style=\"margin:0;text-transform:uppercase;--fontSize:34;line-height:var(--awb-typography1-line-height);\">Mentions l\u00e9gales<\/h1><\/div><div class=\"fusion-text fusion-text-1\"><p data-start=\"3412\" data-end=\"3443\"><strong data-start=\"3412\" data-end=\"3443\">Yopronos \u2013 Mentions l\u00e9gales<\/strong><\/p>\n<p data-start=\"3445\" data-end=\"3469\"><strong data-start=\"3445\" data-end=\"3467\">1. \u00c9diteur du site<\/strong><\/p>\n<ul data-start=\"3470\" data-end=\"3689\">\n<li data-start=\"3470\" data-end=\"3499\">\n<p data-start=\"3472\" data-end=\"3499\">Nom commercial : Yopronos<\/p>\n<\/li>\n<li data-start=\"3500\" data-end=\"3538\">\n<p data-start=\"3502\" data-end=\"3538\">Repr\u00e9sentant l\u00e9gal : [\u00c0 compl\u00e9ter]<\/li>\n<li data-start=\"3539\" data-end=\"3582\">\n<p data-start=\"3541\" data-end=\"3582\">Adresse du si\u00e8ge social : [\u00c0 compl\u00e9ter]<\/li>\n<li data-start=\"3583\" data-end=\"3621\">\n<p data-start=\"3585\" data-end=\"3621\">Num\u00e9ro SIREN\/SIRET : [\u00c0 compl\u00e9ter]<\/li>\n<li data-start=\"3622\" data-end=\"3649\">\n<p data-start=\"3624\" data-end=\"3649\">RCS : [Ville et num\u00e9ro]<\/li>\n<li data-start=\"3650\" data-end=\"3689\">\n<p data-start=\"3652\" data-end=\"3689\">Responsable de la publication : [nom]<\/li>\n<\/ul>\n<p data-start=\"3691\" data-end=\"3711\"><strong data-start=\"3691\" data-end=\"3709\">2. H\u00e9bergement<\/strong><\/p>\n<ul data-start=\"3712\" data-end=\"3823\">\n<li data-start=\"3712\" data-end=\"3748\">\n<p data-start=\"3714\" data-end=\"3748\">H\u00e9bergeur : [Nom de l\u2019h\u00e9bergeur]<\/li>\n<li data-start=\"3749\" data-end=\"3787\">\n<p data-start=\"3751\" data-end=\"3787\">Adresse : [Adresse de l\u2019h\u00e9bergeur]<\/li>\n<li data-start=\"3788\" data-end=\"3823\">\n<p data-start=\"3790\" data-end=\"3823\">T\u00e9l\u00e9phone : [T\u00e9l\u00e9phone h\u00e9bergeur]<\/li>\n<\/ul>\n<p data-start=\"3825\" data-end=\"4002\"><strong data-start=\"3825\" data-end=\"3856\">3. Propri\u00e9t\u00e9 intellectuelle<\/strong><br data-start=\"3856\" data-end=\"3859\" \/>Tous contenus (textes, images, logos, etc.) sont la propri\u00e9t\u00e9 exclusive de Yopronos. Toute reproduction est interdite sans autorisation \u00e9crite.<\/p>\n<p data-start=\"4004\" data-end=\"4071\"><strong data-start=\"4004\" data-end=\"4031\">4. Donn\u00e9es personnelles<\/strong><br data-start=\"4031\" data-end=\"4034\" \/>Voir la Politique de confidentialit\u00e9.<\/p>\n<p data-start=\"4073\" data-end=\"4249\"><strong data-start=\"4073\" data-end=\"4094\">5. Responsabilit\u00e9<\/strong><br data-start=\"4094\" data-end=\"4097\" \/>Yopronos ne peut garantir une disponibilit\u00e9 continue du site ni l\u2019absence d\u2019erreurs. L\u2019utilisateur reste responsable de l\u2019usage qu\u2019il fait des contenus.<\/p>\n<p data-start=\"4251\" data-end=\"4399\"><strong data-start=\"4251\" data-end=\"4298\">6. Loi applicable et juridiction comp\u00e9tente<\/strong><br data-start=\"4298\" data-end=\"4301\" \/>Applicable : droit fran\u00e7ais.<br data-start=\"4329\" data-end=\"4332\" \/>En cas de litige : tribunaux comp\u00e9tents du ressort du si\u00e8ge social.<\/p>\n<\/div><\/div><\/div><\/div><\/div>\n","protected":false},"excerpt":{"rendered":"","protected":false},"author":1,"featured_media":0,"parent":0,"menu_order":0,"comment_status":"closed","ping_status":"closed","template":"","meta":{"pmpro_default_level":"","footnotes":""},"class_list":["post-6543","page","type-page","status-publish","hentry","pmpro-has-access"],"aioseo_notices":[],"_links":{"self":[{"href":"https:\/\/yopronos.com\/en\/wp-json\/wp\/v2\/pages\/6543","targetHints":{"allow":["GET"]}}],"collection":[{"href":"https:\/\/yopronos.com\/en\/wp-json\/wp\/v2\/pages"}],"about":[{"href":"https:\/\/yopronos.com\/en\/wp-json\/wp\/v2\/types\/page"}],"author":[{"embeddable":true,"href":"https:\/\/yopronos.com\/en\/wp-json\/wp\/v2\/users\/1"}],"replies":[{"embeddable":true,"href":"https:\/\/yopronos.com\/en\/wp-json\/wp\/v2\/comments?post=6543"}],"version-history":[{"count":2,"href":"https:\/\/yopronos.com\/en\/wp-json\/wp\/v2\/pages\/6543\/revisions"}],"predecessor-version":[{"id":6545,"href":"https:\/\/yopronos.com\/en\/wp-json\/wp\/v2\/pages\/6543\/revisions\/6545"}],"wp:attachment":[{"href":"https:\/\/yopronos.com\/en\/wp-json\/wp\/v2\/media?parent=6543"}],"curies":[{"name":"wp","href":"https:\/\/api.w.org\/{rel}","templated":true}]}}