{"id":6540,"date":"2025-08-06T07:11:10","date_gmt":"2025-08-06T07:11:10","guid":{"rendered":"https:\/\/yopronos.com\/?page_id=6540"},"modified":"2025-08-06T07:11:55","modified_gmt":"2025-08-06T07:11:55","slug":"politique-des-cookies","status":"publish","type":"page","link":"https:\/\/yopronos.com\/en\/politique-des-cookies\/","title":{"rendered":"Cookie Policy"},"content":{"rendered":"<div class=\"fusion-fullwidth fullwidth-box fusion-builder-row-1 fusion-flex-container has-pattern-background has-mask-background nonhundred-percent-fullwidth non-hundred-percent-height-scrolling\" style=\"--awb-border-radius-top-left:0px;--awb-border-radius-top-right:0px;--awb-border-radius-bottom-right:0px;--awb-border-radius-bottom-left:0px;--awb-flex-wrap:wrap;\" ><div class=\"fusion-builder-row fusion-row fusion-flex-align-items-flex-start fusion-flex-content-wrap\" style=\"max-width:1185.6px;margin-left: calc(-4% \/ 2 );margin-right: calc(-4% \/ 2 );\"><div class=\"fusion-layout-column fusion_builder_column fusion-builder-column-0 fusion_builder_column_1_1 1_1 fusion-flex-column\" style=\"--awb-bg-size:cover;--awb-width-large:100%;--awb-margin-top-large:0px;--awb-spacing-right-large:1.92%;--awb-margin-bottom-large:20px;--awb-spacing-left-large:1.92%;--awb-width-medium:100%;--awb-order-medium:0;--awb-spacing-right-medium:1.92%;--awb-spacing-left-medium:1.92%;--awb-width-small:100%;--awb-order-small:0;--awb-spacing-right-small:1.92%;--awb-spacing-left-small:1.92%;\"><div class=\"fusion-column-wrapper fusion-column-has-shadow fusion-flex-justify-content-flex-start fusion-content-layout-column\"><div class=\"fusion-title title fusion-title-1 fusion-sep-none fusion-title-text fusion-title-size-one\"><h1 class=\"fusion-title-heading title-heading-left fusion-responsive-typography-calculated\" style=\"margin:0;text-transform:uppercase;--fontSize:34;line-height:var(--awb-typography1-line-height);\">Politique des cookies<\/h1><\/div><div class=\"fusion-text fusion-text-1\"><p data-start=\"2348\" data-end=\"2384\"><strong data-start=\"2348\" data-end=\"2384\">Yopronos \u2013 Politique des cookies<\/strong><\/p>\n<p data-start=\"2386\" data-end=\"2492\"><strong data-start=\"2386\" data-end=\"2417\">1. Qu\u2019est\u2011ce qu\u2019un cookie ?<\/strong><br data-start=\"2417\" data-end=\"2420\" \/>Petit fichier stock\u00e9 sur votre appareil pour collecter des informations.<\/p>\n<p data-start=\"2494\" data-end=\"2528\"><strong data-start=\"2494\" data-end=\"2526\">2. Types de cookies utilis\u00e9s<\/strong><\/p>\n<ul data-start=\"2529\" data-end=\"2800\">\n<li data-start=\"2529\" data-end=\"2599\">\n<p data-start=\"2531\" data-end=\"2599\"><strong data-start=\"2531\" data-end=\"2557\">Cookies indispensables<\/strong> (n\u00e9cessaires au fonctionnement du site)<\/p>\n<\/li>\n<li data-start=\"2600\" data-end=\"2668\">\n<p data-start=\"2602\" data-end=\"2668\"><strong data-start=\"2602\" data-end=\"2643\">Cookies de performance \/ statistiques<\/strong> (ex. Google Analytics)<\/p>\n<\/li>\n<li data-start=\"2669\" data-end=\"2727\">\n<p data-start=\"2671\" data-end=\"2727\"><strong data-start=\"2671\" data-end=\"2695\">Cookies fonctionnels<\/strong> (pr\u00e9f\u00e9rences de langue, etc.)<\/p>\n<\/li>\n<li data-start=\"2728\" data-end=\"2800\">\n<p data-start=\"2730\" data-end=\"2800\"><strong data-start=\"2730\" data-end=\"2765\">Cookies publicitaires \/ ciblage<\/strong> (ex. remarketing, r\u00e9seaux sociaux)<\/p>\n<\/li>\n<\/ul>\n<p data-start=\"2802\" data-end=\"2820\"><strong data-start=\"2802\" data-end=\"2818\">3. Objectifs<\/strong><\/p>\n<ul data-start=\"2821\" data-end=\"2935\">\n<li data-start=\"2821\" data-end=\"2847\">\n<p data-start=\"2823\" data-end=\"2847\">Fonctionnement du site<\/p>\n<\/li>\n<li data-start=\"2848\" data-end=\"2872\">\n<p data-start=\"2850\" data-end=\"2872\">Statistiques d\u2019usage<\/p>\n<\/li>\n<li data-start=\"2873\" data-end=\"2917\">\n<p data-start=\"2875\" data-end=\"2917\">Am\u00e9lioration de l\u2019exp\u00e9rience utilisateur<\/p>\n<\/li>\n<li data-start=\"2918\" data-end=\"2935\">\n<p data-start=\"2920\" data-end=\"2935\">Marketing cibl\u00e9<\/p>\n<\/li>\n<\/ul>\n<p data-start=\"2937\" data-end=\"3022\"><strong data-start=\"2937\" data-end=\"2968\">4. Dur\u00e9e de vie des cookies<\/strong><br data-start=\"2968\" data-end=\"2971\" \/>(D\u00e9tailler si session ou persistants et leur dur\u00e9e)<\/p>\n<p data-start=\"3024\" data-end=\"3052\"><strong data-start=\"3024\" data-end=\"3050\">5. Gestion des cookies<\/strong><\/p>\n<ul data-start=\"3053\" data-end=\"3135\">\n<li data-start=\"3053\" data-end=\"3135\">\n<p data-start=\"3055\" data-end=\"3135\">Vous pouvez g\u00e9rer vos pr\u00e9f\u00e9rences via la banni\u00e8re ou les r\u00e9glages du navigateur.<\/p>\n<\/li>\n<\/ul>\n<p data-start=\"3137\" data-end=\"3286\"><strong data-start=\"3137\" data-end=\"3167\">6. Consentement et retrait<\/strong><br data-start=\"3167\" data-end=\"3170\" \/>Consentement explicite requis pour les cookies non essentiels. Vous pouvez retirer votre consentement \u00e0 tout moment.<\/p>\n<p data-start=\"3288\" data-end=\"3309\"><strong data-start=\"3288\" data-end=\"3307\">7. Liens utiles<\/strong><\/p>\n<ul data-start=\"3310\" data-end=\"3381\">\n<li data-start=\"3310\" data-end=\"3341\">\n<p data-start=\"3312\" data-end=\"3341\">[Site CNIL sur les cookies]<\/li>\n<li data-start=\"3342\" data-end=\"3381\">\n<p data-start=\"3344\" data-end=\"3381\">Support technique de votre navigateur<\/p>\n<\/li>\n<\/ul>\n<\/div><\/div><\/div><\/div><\/div>\n","protected":false},"excerpt":{"rendered":"","protected":false},"author":1,"featured_media":0,"parent":0,"menu_order":0,"comment_status":"closed","ping_status":"closed","template":"","meta":{"pmpro_default_level":"","footnotes":""},"class_list":["post-6540","page","type-page","status-publish","hentry","pmpro-has-access"],"aioseo_notices":[],"_links":{"self":[{"href":"https:\/\/yopronos.com\/en\/wp-json\/wp\/v2\/pages\/6540","targetHints":{"allow":["GET"]}}],"collection":[{"href":"https:\/\/yopronos.com\/en\/wp-json\/wp\/v2\/pages"}],"about":[{"href":"https:\/\/yopronos.com\/en\/wp-json\/wp\/v2\/types\/page"}],"author":[{"embeddable":true,"href":"https:\/\/yopronos.com\/en\/wp-json\/wp\/v2\/users\/1"}],"replies":[{"embeddable":true,"href":"https:\/\/yopronos.com\/en\/wp-json\/wp\/v2\/comments?post=6540"}],"version-history":[{"count":2,"href":"https:\/\/yopronos.com\/en\/wp-json\/wp\/v2\/pages\/6540\/revisions"}],"predecessor-version":[{"id":6542,"href":"https:\/\/yopronos.com\/en\/wp-json\/wp\/v2\/pages\/6540\/revisions\/6542"}],"wp:attachment":[{"href":"https:\/\/yopronos.com\/en\/wp-json\/wp\/v2\/media?parent=6540"}],"curies":[{"name":"wp","href":"https:\/\/api.w.org\/{rel}","templated":true}]}}