{"id":6536,"date":"2025-08-06T07:09:47","date_gmt":"2025-08-06T07:09:47","guid":{"rendered":"https:\/\/yopronos.com\/?page_id=6536"},"modified":"2025-08-06T07:10:21","modified_gmt":"2025-08-06T07:10:21","slug":"politique-de-confidentialite","status":"publish","type":"page","link":"https:\/\/yopronos.com\/en\/politique-de-confidentialite\/","title":{"rendered":"Privacy Policy"},"content":{"rendered":"<div class=\"fusion-fullwidth fullwidth-box fusion-builder-row-1 fusion-flex-container has-pattern-background has-mask-background nonhundred-percent-fullwidth non-hundred-percent-height-scrolling\" style=\"--awb-border-radius-top-left:0px;--awb-border-radius-top-right:0px;--awb-border-radius-bottom-right:0px;--awb-border-radius-bottom-left:0px;--awb-flex-wrap:wrap;\" ><div class=\"fusion-builder-row fusion-row fusion-flex-align-items-flex-start fusion-flex-content-wrap\" style=\"max-width:1185.6px;margin-left: calc(-4% \/ 2 );margin-right: calc(-4% \/ 2 );\"><div class=\"fusion-layout-column fusion_builder_column fusion-builder-column-0 fusion_builder_column_1_1 1_1 fusion-flex-column\" style=\"--awb-bg-size:cover;--awb-width-large:100%;--awb-margin-top-large:0px;--awb-spacing-right-large:1.92%;--awb-margin-bottom-large:20px;--awb-spacing-left-large:1.92%;--awb-width-medium:100%;--awb-order-medium:0;--awb-spacing-right-medium:1.92%;--awb-spacing-left-medium:1.92%;--awb-width-small:100%;--awb-order-small:0;--awb-spacing-right-small:1.92%;--awb-spacing-left-small:1.92%;\"><div class=\"fusion-column-wrapper fusion-column-has-shadow fusion-flex-justify-content-flex-start fusion-content-layout-column\"><div class=\"fusion-title title fusion-title-1 fusion-sep-none fusion-title-text fusion-title-size-one\"><h1 class=\"fusion-title-heading title-heading-left fusion-responsive-typography-calculated\" style=\"margin:0;text-transform:uppercase;--fontSize:34;line-height:var(--awb-typography1-line-height);\">Politique de confidentialit\u00e9<\/h1><\/div><div class=\"fusion-text fusion-text-1\"><p data-start=\"259\" data-end=\"302\"><strong data-start=\"259\" data-end=\"302\">Yopronos \u2013 Politique de confidentialit\u00e9<\/strong><\/p>\n<p data-start=\"304\" data-end=\"505\"><strong data-start=\"304\" data-end=\"339\">1. Objet et champ d\u2019application<\/strong><br data-start=\"339\" data-end=\"342\" \/>Cette politique explique comment Yopronos collecte, utilise et prot\u00e8ge les informations personnelles des utilisateurs, conform\u00e9ment au RGPD et aux lois fran\u00e7aises.<\/p>\n<p data-start=\"507\" data-end=\"671\"><strong data-start=\"507\" data-end=\"539\">2. Responsable du traitement<\/strong><br data-start=\"539\" data-end=\"542\" \/>Responsable : Yopronos \u2013 nom du repr\u00e9sentant l\u00e9gal<br data-start=\"592\" data-end=\"595\" \/>Adresse : [\u00e0 compl\u00e9ter]<br data-start=\"618\" data-end=\"621\" \/>E\u2011mail : [\u00e0 compl\u00e9ter]<br data-start=\"643\" data-end=\"646\" \/>T\u00e9l\u00e9phone : [\u00e0 compl\u00e9ter]<\/p>\n<p data-start=\"673\" data-end=\"700\"><strong data-start=\"673\" data-end=\"698\">3. Donn\u00e9es collect\u00e9es<\/strong><\/p>\n<ul data-start=\"701\" data-end=\"883\">\n<li data-start=\"701\" data-end=\"741\">\n<p data-start=\"703\" data-end=\"741\">Identit\u00e9 (\u00a0nom, pr\u00e9nom, pseudo)<\/p>\n<\/li>\n<li data-start=\"742\" data-end=\"791\">\n<p data-start=\"744\" data-end=\"791\">Coordonn\u00e9es (\u00a0adresse e\u2011mail, t\u00e9l\u00e9phone)<\/p>\n<\/li>\n<li data-start=\"792\" data-end=\"844\">\n<p data-start=\"794\" data-end=\"844\">Donn\u00e9es de connexion et d\u2019utilisation (IP, logs)<\/p>\n<\/li>\n<li data-start=\"845\" data-end=\"883\">\n<p data-start=\"847\" data-end=\"883\">Cookies (voir Politique des cookies)<\/p>\n<\/li>\n<\/ul>\n<p data-start=\"885\" data-end=\"917\"><strong data-start=\"885\" data-end=\"915\">4. Finalit\u00e9s du traitement<\/strong><\/p>\n<ul data-start=\"918\" data-end=\"1067\">\n<li data-start=\"918\" data-end=\"951\">\n<p data-start=\"920\" data-end=\"951\">Gestion de la relation client<\/p>\n<\/li>\n<li data-start=\"952\" data-end=\"994\">\n<p data-start=\"954\" data-end=\"994\">Envoi de newsletters ou communications<\/p>\n<\/li>\n<li data-start=\"995\" data-end=\"1033\">\n<p data-start=\"997\" data-end=\"1033\">Am\u00e9lioration du site, statistiques<\/p>\n<\/li>\n<li data-start=\"1034\" data-end=\"1067\">\n<p data-start=\"1036\" data-end=\"1067\">Respect des obligations l\u00e9gales<\/p>\n<\/li>\n<\/ul>\n<p data-start=\"1069\" data-end=\"1089\"><strong data-start=\"1069\" data-end=\"1087\">5. Base l\u00e9gale<\/strong><\/p>\n<ul data-start=\"1090\" data-end=\"1252\">\n<li data-start=\"1090\" data-end=\"1160\">\n<p data-start=\"1092\" data-end=\"1160\">Consentement de l\u2019utilisateur (newsletter, cookies non essentiels)<\/p>\n<\/li>\n<li data-start=\"1161\" data-end=\"1187\">\n<p data-start=\"1163\" data-end=\"1187\">Ex\u00e9cution d\u2019un contrat<\/p>\n<\/li>\n<li data-start=\"1188\" data-end=\"1232\">\n<p data-start=\"1190\" data-end=\"1232\">Int\u00e9r\u00eat l\u00e9gitime (s\u00e9curit\u00e9, maintenance)<\/p>\n<\/li>\n<li data-start=\"1233\" data-end=\"1252\">\n<p data-start=\"1235\" data-end=\"1252\">Obligation l\u00e9gale<\/p>\n<\/li>\n<\/ul>\n<p data-start=\"1254\" data-end=\"1288\"><strong data-start=\"1254\" data-end=\"1286\">6. Destinataires des donn\u00e9es<\/strong><\/p>\n<ul data-start=\"1289\" data-end=\"1430\">\n<li data-start=\"1289\" data-end=\"1316\">\n<p data-start=\"1291\" data-end=\"1316\">\u00c9quipe interne Yopronos<\/p>\n<\/li>\n<li data-start=\"1317\" data-end=\"1430\">\n<p data-start=\"1319\" data-end=\"1430\">Prestataires techniques (h\u00e9bergement, outils CRM, newsletter, etc.), engag\u00e9s par des contrats de sous\u2011traitance<\/p>\n<\/li>\n<\/ul>\n<p data-start=\"1432\" data-end=\"1572\"><strong data-start=\"1432\" data-end=\"1456\">7. Transfert hors UE<\/strong><br data-start=\"1456\" data-end=\"1459\" \/>(Y a\u2011t\u2011il transfert vers des pays tiers\u202f? Si oui, mentionner les garanties : clauses types, Privacy Shield, etc.)<\/p>\n<p data-start=\"1574\" data-end=\"1604\"><strong data-start=\"1574\" data-end=\"1602\">8. Dur\u00e9e de conservation<\/strong><\/p>\n<ul data-start=\"1605\" data-end=\"1783\">\n<li data-start=\"1605\" data-end=\"1698\">\n<p data-start=\"1607\" data-end=\"1698\">Donn\u00e9es de contact et relation client : jusqu\u2019\u00e0 [ex. 3 ans] apr\u00e8s la derni\u00e8re interaction<\/p>\n<\/li>\n<li data-start=\"1699\" data-end=\"1744\">\n<p data-start=\"1701\" data-end=\"1744\">Donn\u00e9es techniques \/ logs : [ex. 12 mois]\n<\/li>\n<li data-start=\"1745\" data-end=\"1783\">\n<p data-start=\"1747\" data-end=\"1783\">Cookies : voir Politique des cookies<\/p>\n<\/li>\n<\/ul>\n<p data-start=\"1785\" data-end=\"1935\"><strong data-start=\"1785\" data-end=\"1815\">9. Droits des utilisateurs<\/strong><br data-start=\"1815\" data-end=\"1818\" \/>Vous pouvez exercer vos droits d\u2019acc\u00e8s, rectification, effacement, portabilit\u00e9, opposition, limitation, aupr\u00e8s de :<\/p>\n<ul data-start=\"1936\" data-end=\"2032\">\n<li data-start=\"1936\" data-end=\"1977\">\n<p data-start=\"1938\" data-end=\"1977\">Contact : [adresse e\u2011mail \u00e0 pr\u00e9ciser]\n<\/li>\n<li data-start=\"1978\" data-end=\"2032\">\n<p data-start=\"1980\" data-end=\"2032\">Si besoin, d\u00e9poser une r\u00e9clamation aupr\u00e8s de la CNIL<\/p>\n<\/li>\n<\/ul>\n<p data-start=\"2034\" data-end=\"2137\"><strong data-start=\"2034\" data-end=\"2050\">10. S\u00e9curit\u00e9<\/strong><br data-start=\"2050\" data-end=\"2053\" \/>Description des mesures techniques et organisationnelles pour s\u00e9curiser les donn\u00e9es.<\/p>\n<p data-start=\"2139\" data-end=\"2312\"><strong data-start=\"2139\" data-end=\"2176\">11. Modifications de la politique<\/strong><br data-start=\"2176\" data-end=\"2179\" \/>Nous nous r\u00e9servons le droit de mettre \u00e0 jour cette politique. La date de la derni\u00e8re mise \u00e0 jour sera mentionn\u00e9e en haut de la page.<\/p>\n<\/div><\/div><\/div><\/div><\/div>\n","protected":false},"excerpt":{"rendered":"","protected":false},"author":1,"featured_media":0,"parent":0,"menu_order":0,"comment_status":"closed","ping_status":"closed","template":"","meta":{"pmpro_default_level":"","footnotes":""},"class_list":["post-6536","page","type-page","status-publish","hentry","pmpro-has-access"],"aioseo_notices":[],"_links":{"self":[{"href":"https:\/\/yopronos.com\/en\/wp-json\/wp\/v2\/pages\/6536","targetHints":{"allow":["GET"]}}],"collection":[{"href":"https:\/\/yopronos.com\/en\/wp-json\/wp\/v2\/pages"}],"about":[{"href":"https:\/\/yopronos.com\/en\/wp-json\/wp\/v2\/types\/page"}],"author":[{"embeddable":true,"href":"https:\/\/yopronos.com\/en\/wp-json\/wp\/v2\/users\/1"}],"replies":[{"embeddable":true,"href":"https:\/\/yopronos.com\/en\/wp-json\/wp\/v2\/comments?post=6536"}],"version-history":[{"count":3,"href":"https:\/\/yopronos.com\/en\/wp-json\/wp\/v2\/pages\/6536\/revisions"}],"predecessor-version":[{"id":6539,"href":"https:\/\/yopronos.com\/en\/wp-json\/wp\/v2\/pages\/6536\/revisions\/6539"}],"wp:attachment":[{"href":"https:\/\/yopronos.com\/en\/wp-json\/wp\/v2\/media?parent=6536"}],"curies":[{"name":"wp","href":"https:\/\/api.w.org\/{rel}","templated":true}]}}